{"id":874,"date":"2024-09-28T12:21:43","date_gmt":"2024-09-28T17:21:43","guid":{"rendered":"https:\/\/salesianos.pe\/history\/?page_id=874"},"modified":"2024-09-28T14:28:54","modified_gmt":"2024-09-28T19:28:54","slug":"los-primeros-salesianos-en-el-peru-un-proyecto-en-familia","status":"publish","type":"page","link":"https:\/\/salesianos.pe\/history\/exposiciones\/el-album-matriz-1889-1942\/los-primeros-salesianos-en-el-peru-un-proyecto-en-familia\/","title":{"rendered":"Los primeros salesianos en el Per\u00fa: Un proyecto en familia"},"content":{"rendered":"\n<p>Este 28 de setiembre conmemoramos un nuevo aniversario de la llegada de los primeros Salesianos e Hijas de Mar\u00eda Auxiliadora al Per\u00fa en 1891. Repasemos las figuras y el trayecto de las 9 hermanas, 2 sacerdotes y 1 coadjutor que partieron desde Tur\u00edn rumbo a Lima.<\/p>\n\n\n\n<p>En 1890, la Beneficencia P\u00fablica de Lima recibi\u00f3 una importante donaci\u00f3n otorgada en vida por el empresario Jos\u00e9 Sevilla Escajadillo (1813-1886) para crear un centro educativo dirigido a ni\u00f1as de familias proletarias: el Instituto Sevilla del R\u00edmac. Para dirigirlo, la Beneficencia eligi\u00f3 a las Hijas de Mar\u00eda Auxiliadora, por entonces rama femenina de la Congregaci\u00f3n Salesiana.&nbsp;<strong>Tras algunos meses de negociaciones con Don Miguel R\u00faa, Rector Mayor de los Salesianos, el 26 de julio de 1890 se firm\u00f3 el contrato en Tur\u00edn para la llegada de las Salesianas al Per\u00fa. En las actas del Cap\u00edtulo Superior de los Salesianos se escribi\u00f3: \u201cSe acepta la Casa de Lima para nuestras hermanas, que ir\u00e1n acompa\u00f1adas de tres salesianos. Su finalidad es educar al trabajo y a la piedad a las hijas del pueblo\u201d<\/strong>.<\/p>\n\n\n\n<blockquote class=\"wp-block-quote is-layout-flow wp-block-quote-is-layout-flow\">\n<p>El 16 de agosto de 1891 se realiz\u00f3 la ceremonia de env\u00edo misionero en la Bas\u00edlica de Mar\u00eda Auxiliadora de Tur\u00edn. Tras ella, los doce misioneros enviados al Per\u00fa iniciaron un viaje de 43 d\u00edas hacia la patria de Santa Rosa de Lima.<\/p>\n<\/blockquote>\n\n\n\n<p>El trayecto fue fatigoso: en tren de Tur\u00edn a Par\u00eds, despu\u00e9s enrumbaron a Inglaterra cruzando en barco el canal de la Mancha hasta llegar a Londres, y desde all\u00ed partieron al puerto de Liverpool donde tomaron el vapor con destino a Am\u00e9rica. Llegaron al puerto de Col\u00f3n, en el Atl\u00e1ntico, y atravesaron el istmo m\u00e1s famoso del continente por v\u00eda terrestre, hasta llegar al puerto de Panam\u00e1, en el Pac\u00edfico. All\u00ed abordaron el vapor Lautaro, que algunos d\u00edas despu\u00e9s arrib\u00f3 al Callao el 28 de setiembre de 1891.<\/p>\n\n\n\n<figure class=\"wp-block-image size-large is-style-default\"><img loading=\"lazy\" decoding=\"async\" width=\"1024\" height=\"511\" data-attachment-id=\"880\" data-permalink=\"https:\/\/salesianos.pe\/history\/exposiciones\/el-album-matriz-1889-1942\/los-primeros-salesianos-en-el-peru-un-proyecto-en-familia\/slide-album-matriz3\/\" data-orig-file=\"https:\/\/salesianos.pe\/history\/wp-content\/uploads\/2024\/09\/slide-album-matriz3.jpg\" data-orig-size=\"1863,929\" data-comments-opened=\"1\" data-image-meta=\"{&quot;aperture&quot;:&quot;0&quot;,&quot;credit&quot;:&quot;&quot;,&quot;camera&quot;:&quot;&quot;,&quot;caption&quot;:&quot;&quot;,&quot;created_timestamp&quot;:&quot;0&quot;,&quot;copyright&quot;:&quot;&quot;,&quot;focal_length&quot;:&quot;0&quot;,&quot;iso&quot;:&quot;0&quot;,&quot;shutter_speed&quot;:&quot;0&quot;,&quot;title&quot;:&quot;&quot;,&quot;orientation&quot;:&quot;0&quot;}\" data-image-title=\"slide-album-matriz3\" data-image-description=\"\" data-image-caption=\"\" data-medium-file=\"https:\/\/salesianos.pe\/history\/wp-content\/uploads\/2024\/09\/slide-album-matriz3-300x150.jpg\" data-large-file=\"https:\/\/salesianos.pe\/history\/wp-content\/uploads\/2024\/09\/slide-album-matriz3-1024x511.jpg\" src=\"https:\/\/salesianos.pe\/history\/wp-content\/uploads\/2024\/09\/slide-album-matriz3-1024x511.jpg\" alt=\"\" class=\"wp-image-880\" srcset=\"https:\/\/salesianos.pe\/history\/wp-content\/uploads\/2024\/09\/slide-album-matriz3-1024x511.jpg 1024w, https:\/\/salesianos.pe\/history\/wp-content\/uploads\/2024\/09\/slide-album-matriz3-300x150.jpg 300w, https:\/\/salesianos.pe\/history\/wp-content\/uploads\/2024\/09\/slide-album-matriz3-768x383.jpg 768w, https:\/\/salesianos.pe\/history\/wp-content\/uploads\/2024\/09\/slide-album-matriz3-1536x766.jpg 1536w, https:\/\/salesianos.pe\/history\/wp-content\/uploads\/2024\/09\/slide-album-matriz3-280x140.jpg 280w, https:\/\/salesianos.pe\/history\/wp-content\/uploads\/2024\/09\/slide-album-matriz3-1170x583.jpg 1170w, https:\/\/salesianos.pe\/history\/wp-content\/uploads\/2024\/09\/slide-album-matriz3.jpg 1863w\" sizes=\"auto, (max-width: 1024px) 100vw, 1024px\" \/><figcaption class=\"wp-element-caption\">Recorrido reconstruido seg\u00fan las cartas remitidas a Don R\u00faa del grupo misionero destinado al Per\u00fa: 3 Salesianos y 9 Hijas de Mar\u00eda Auxiliadora desde Tur\u00edn al Callao (Elaboraci\u00f3n por David Franco, Historiador de la Congregaci\u00f3n Salesiana del Per\u00fa)<\/figcaption><\/figure>\n\n\n\n<p>En Lima los esperaba el d\u00e9cimo tercer integrante de aquel grupo pionero: el padre Antonio Riccardi, director de la misi\u00f3n, quien hab\u00eda llegado a Lima en la v\u00edspera (27 de setiembre) desde la Patagonia argentina. Este grupo se instal\u00f3 en el barrio de Abajo el Puente, donde se ubicaba el Instituto Sevilla, frente a la Alameda de los Descalzos.<\/p>\n\n\n\n<blockquote class=\"wp-block-quote is-layout-flow wp-block-quote-is-layout-flow\">\n<p>A pocos pasos, frente al Paseo de Aguas, los Salesianos abrieron un Oratorio Festivo el 8 de diciembre de 1891. As\u00ed estos 13 pioneros, miembros de una sola familia, dieron inicio a la Obra de Don Bosco en el Per\u00fa.<\/p>\n<\/blockquote>\n\n\n\n<p><strong>\u00bfSab\u00edas qu\u00e9?<\/strong><\/p>\n\n\n\n<ul class=\"wp-block-list\">\n<li>La m\u00e1s joven de aquel grupo era sor Luigia Ruatta, quien ten\u00eda solo 19 a\u00f1os al momento de partir de Tur\u00edn.<\/li>\n\n\n\n<li>De aquel hist\u00f3rico grupo, permanecieron en nuestro pa\u00eds hasta su muerte cuatro Hijas de Mar\u00eda Auxiliadora (sor Lavinia Albertini, sor Rosa Devalle, sor \u00c1ngela Piai y sor Marcelina Zinelli) cuyos restos descansan en el altar de Don Bosco de la capilla de las hermanas en Bre\u00f1a, y un Salesiano (el padre Carlos Pane) enterrado en la Cripta de la Bas\u00edlica de Mar\u00eda Auxiliadora.<\/li>\n\n\n\n<li>El primero en morir fue el padre Guido Terzuolo, quien enferm\u00f3 gravemente en nuestro pa\u00eds. Viaj\u00f3 a Chile y de all\u00ed retorn\u00f3 a Italia, donde muri\u00f3 a los 38 a\u00f1os el 12 de enero de 1895.<\/li>\n\n\n\n<li>La \u00faltima sobreviviente fue sor Luigia Pompignoli, quien muri\u00f3 a los 91 a\u00f1os en Ecuador el 17 de agosto de 1960.<\/li>\n<\/ul>\n\n\n\n<p class=\"has-text-align-center\"><strong>Elenco de 13 misioneros<\/strong><\/p>\n\n\n<div class=\"wp-block-image\">\n<figure class=\"aligncenter size-large\"><img loading=\"lazy\" decoding=\"async\" width=\"485\" height=\"1024\" data-attachment-id=\"885\" data-permalink=\"https:\/\/salesianos.pe\/history\/exposiciones\/el-album-matriz-1889-1942\/los-primeros-salesianos-en-el-peru-un-proyecto-en-familia\/misioneros-salesianos-peru\/\" data-orig-file=\"https:\/\/salesianos.pe\/history\/wp-content\/uploads\/2024\/09\/misioneros-salesianos-peru.png\" data-orig-size=\"631,1331\" data-comments-opened=\"1\" data-image-meta=\"{&quot;aperture&quot;:&quot;0&quot;,&quot;credit&quot;:&quot;&quot;,&quot;camera&quot;:&quot;&quot;,&quot;caption&quot;:&quot;&quot;,&quot;created_timestamp&quot;:&quot;0&quot;,&quot;copyright&quot;:&quot;&quot;,&quot;focal_length&quot;:&quot;0&quot;,&quot;iso&quot;:&quot;0&quot;,&quot;shutter_speed&quot;:&quot;0&quot;,&quot;title&quot;:&quot;&quot;,&quot;orientation&quot;:&quot;0&quot;}\" data-image-title=\"misioneros-salesianos-peru\" data-image-description=\"\" data-image-caption=\"\" data-medium-file=\"https:\/\/salesianos.pe\/history\/wp-content\/uploads\/2024\/09\/misioneros-salesianos-peru-142x300.png\" data-large-file=\"https:\/\/salesianos.pe\/history\/wp-content\/uploads\/2024\/09\/misioneros-salesianos-peru-485x1024.png\" src=\"https:\/\/salesianos.pe\/history\/wp-content\/uploads\/2024\/09\/misioneros-salesianos-peru-485x1024.png\" alt=\"\" class=\"wp-image-885\" srcset=\"https:\/\/salesianos.pe\/history\/wp-content\/uploads\/2024\/09\/misioneros-salesianos-peru-485x1024.png 485w, https:\/\/salesianos.pe\/history\/wp-content\/uploads\/2024\/09\/misioneros-salesianos-peru-142x300.png 142w, https:\/\/salesianos.pe\/history\/wp-content\/uploads\/2024\/09\/misioneros-salesianos-peru-89x187.png 89w, https:\/\/salesianos.pe\/history\/wp-content\/uploads\/2024\/09\/misioneros-salesianos-peru.png 631w\" sizes=\"auto, (max-width: 485px) 100vw, 485px\" \/><\/figure>\n<\/div>","protected":false},"excerpt":{"rendered":"<p>Este 28 de setiembre conmemoramos un nuevo aniversario de la llegada de los primeros Salesianos e Hijas de Mar\u00eda Auxiliadora al Per\u00fa en 1891. Repasemos las figuras y el trayecto de las 9 hermanas, 2 sacerdotes y 1 coadjutor que partieron desde Tur\u00edn rumbo a Lima. En 1890, la Beneficencia P\u00fablica de Lima recibi\u00f3 una<\/p>\n","protected":false},"author":1,"featured_media":0,"parent":607,"menu_order":0,"comment_status":"closed","ping_status":"closed","template":"","meta":{"footnotes":""},"class_list":["post-874","page","type-page","status-publish","hentry"],"jetpack_sharing_enabled":true,"jetpack-related-posts":[],"_links":{"self":[{"href":"https:\/\/salesianos.pe\/history\/wp-json\/wp\/v2\/pages\/874","targetHints":{"allow":["GET"]}}],"collection":[{"href":"https:\/\/salesianos.pe\/history\/wp-json\/wp\/v2\/pages"}],"about":[{"href":"https:\/\/salesianos.pe\/history\/wp-json\/wp\/v2\/types\/page"}],"author":[{"embeddable":true,"href":"https:\/\/salesianos.pe\/history\/wp-json\/wp\/v2\/users\/1"}],"replies":[{"embeddable":true,"href":"https:\/\/salesianos.pe\/history\/wp-json\/wp\/v2\/comments?post=874"}],"version-history":[{"count":7,"href":"https:\/\/salesianos.pe\/history\/wp-json\/wp\/v2\/pages\/874\/revisions"}],"predecessor-version":[{"id":886,"href":"https:\/\/salesianos.pe\/history\/wp-json\/wp\/v2\/pages\/874\/revisions\/886"}],"up":[{"embeddable":true,"href":"https:\/\/salesianos.pe\/history\/wp-json\/wp\/v2\/pages\/607"}],"wp:attachment":[{"href":"https:\/\/salesianos.pe\/history\/wp-json\/wp\/v2\/media?parent=874"}],"curies":[{"name":"wp","href":"https:\/\/api.w.org\/{rel}","templated":true}]}}